{"id":447,"date":"2017-11-29T20:01:49","date_gmt":"2017-11-29T18:01:49","guid":{"rendered":"https:\/\/rogaining.ro\/?page_id=447"},"modified":"2017-11-29T20:13:49","modified_gmt":"2017-11-29T18:13:49","slug":"cursa-de-8-ore","status":"publish","type":"page","link":"https:\/\/rogaining.ro\/en\/cursa-de-8-ore\/","title":{"rendered":"(Rom\u00e2n\u0103) Cursa de 8 ore"},"content":{"rendered":"<p class=\"qtranxs-available-languages-message qtranxs-available-languages-message-en\">Sorry, this entry is only available in <a href=\"https:\/\/rogaining.ro\/ro\/wp-json\/wp\/v2\/pages\/447\" class=\"qtranxs-available-language-link qtranxs-available-language-link-ro\" title=\"Rom\u00e2n\u0103\">Rom\u00e2n\u0103<\/a>.<\/p>","protected":false},"excerpt":{"rendered":"<p>Sorry, this entry is only available in Rom\u00e2n\u0103.<\/p>\n","protected":false},"author":1,"featured_media":0,"parent":0,"menu_order":0,"comment_status":"closed","ping_status":"closed","template":"","meta":{"footnotes":""},"class_list":["post-447","page","type-page","status-publish","hentry"],"yoast_head":"<!-- This site is optimized with the Yoast SEO plugin v26.0 - https:\/\/yoast.com\/wordpress\/plugins\/seo\/ -->\n<title>(Rom\u00e2n\u0103) Cursa de 8 ore | Rogaining<\/title>\n<meta name=\"description\" content=\"(Rom\u00e2n\u0103) Cursa de 8 oreCursa de 8 ore, va fi o experienta excelenta, unde pasionatii si practicantii de sporturi in natura, cat si persoane amatoare de aventur\" \/>\n<meta name=\"robots\" content=\"index, follow, max-snippet:-1, max-image-preview:large, max-video-preview:-1\" \/>\n<link rel=\"canonical\" href=\"https:\/\/rogaining.ro\/cursa-de-8-ore\/\" \/>\n<meta property=\"og:locale\" content=\"en_US\" \/>\n<meta property=\"og:type\" content=\"article\" \/>\n<meta property=\"og:title\" content=\"(Rom\u00e2n\u0103) Cursa de 8 ore | Rogaining\" \/>\n<meta property=\"og:description\" content=\"Cursa de 8 oreCursa de 8 ore, va fi o experienta excelenta, unde pasionatii si practicantii de sporturi in natura, cat si persoane amatoare de aventura\" \/>\n<meta property=\"og:url\" content=\"https:\/\/rogaining.ro\/cursa-de-8-ore\/\" \/>\n<meta property=\"og:site_name\" content=\"Rogaining\" \/>\n<meta property=\"article:modified_time\" content=\"2017-11-29T18:13:49+00:00\" \/>\n<meta name=\"twitter:card\" content=\"summary_large_image\" \/>\n<meta name=\"twitter:label1\" content=\"Est. reading time\" \/>\n\t<meta name=\"twitter:data1\" content=\"1 minute\" \/>\n<script type=\"application\/ld+json\" class=\"yoast-schema-graph\">{\"@context\":\"https:\/\/schema.org\",\"@graph\":[{\"@type\":\"WebPage\",\"@id\":\"https:\/\/rogaining.ro\/cursa-de-8-ore\/\",\"url\":\"https:\/\/rogaining.ro\/cursa-de-8-ore\/\",\"name\":\"(Rom\u00e2n\u0103) Cursa de 8 ore | Rogaining\",\"isPartOf\":{\"@id\":\"https:\/\/rogaining.ro\/#website\"},\"datePublished\":\"2017-11-29T18:01:49+00:00\",\"dateModified\":\"2017-11-29T18:13:49+00:00\",\"description\":\"Cursa de 8 oreCursa de 8 ore, va fi o experienta excelenta, unde pasionatii si practicantii de sporturi in natura, cat si persoane amatoare de aventura\",\"breadcrumb\":{\"@id\":\"https:\/\/rogaining.ro\/cursa-de-8-ore\/#breadcrumb\"},\"inLanguage\":\"en-US\",\"potentialAction\":[{\"@type\":\"ReadAction\",\"target\":[\"https:\/\/rogaining.ro\/cursa-de-8-ore\/\"]}]},{\"@type\":\"BreadcrumbList\",\"@id\":\"https:\/\/rogaining.ro\/cursa-de-8-ore\/#breadcrumb\",\"itemListElement\":[{\"@type\":\"ListItem\",\"position\":1,\"name\":\"Home\",\"item\":\"https:\/\/rogaining.ro\/en\/\"},{\"@type\":\"ListItem\",\"position\":2,\"name\":\"Cursa de 8 ore\"}]},{\"@type\":\"WebSite\",\"@id\":\"https:\/\/rogaining.ro\/#website\",\"url\":\"https:\/\/rogaining.ro\/\",\"name\":\"Rogaining\",\"description\":\"Mai mult decat un sport\",\"potentialAction\":[{\"@type\":\"SearchAction\",\"target\":{\"@type\":\"EntryPoint\",\"urlTemplate\":\"https:\/\/rogaining.ro\/?s={search_term_string}\"},\"query-input\":{\"@type\":\"PropertyValueSpecification\",\"valueRequired\":true,\"valueName\":\"search_term_string\"}}],\"inLanguage\":\"en-US\"}]}<\/script>\n<!-- \/ Yoast SEO plugin. -->","yoast_head_json":{"title":"(Rom\u00e2n\u0103) Cursa de 8 ore | Rogaining","description":"(Rom\u00e2n\u0103) Cursa de 8 oreCursa de 8 ore, va fi o experienta excelenta, unde pasionatii si practicantii de sporturi in natura, cat si persoane amatoare de aventur","robots":{"index":"index","follow":"follow","max-snippet":"max-snippet:-1","max-image-preview":"max-image-preview:large","max-video-preview":"max-video-preview:-1"},"canonical":"https:\/\/rogaining.ro\/cursa-de-8-ore\/","og_locale":"en_US","og_type":"article","og_title":"(Rom\u00e2n\u0103) Cursa de 8 ore | Rogaining","og_description":"Cursa de 8 oreCursa de 8 ore, va fi o experienta excelenta, unde pasionatii si practicantii de sporturi in natura, cat si persoane amatoare de aventura","og_url":"https:\/\/rogaining.ro\/cursa-de-8-ore\/","og_site_name":"Rogaining","article_modified_time":"2017-11-29T18:13:49+00:00","twitter_card":"summary_large_image","twitter_misc":{"Est. reading time":"1 minute"},"schema":{"@context":"https:\/\/schema.org","@graph":[{"@type":"WebPage","@id":"https:\/\/rogaining.ro\/cursa-de-8-ore\/","url":"https:\/\/rogaining.ro\/cursa-de-8-ore\/","name":"(Rom\u00e2n\u0103) Cursa de 8 ore | Rogaining","isPartOf":{"@id":"https:\/\/rogaining.ro\/#website"},"datePublished":"2017-11-29T18:01:49+00:00","dateModified":"2017-11-29T18:13:49+00:00","description":"Cursa de 8 oreCursa de 8 ore, va fi o experienta excelenta, unde pasionatii si practicantii de sporturi in natura, cat si persoane amatoare de aventura","breadcrumb":{"@id":"https:\/\/rogaining.ro\/cursa-de-8-ore\/#breadcrumb"},"inLanguage":"en-US","potentialAction":[{"@type":"ReadAction","target":["https:\/\/rogaining.ro\/cursa-de-8-ore\/"]}]},{"@type":"BreadcrumbList","@id":"https:\/\/rogaining.ro\/cursa-de-8-ore\/#breadcrumb","itemListElement":[{"@type":"ListItem","position":1,"name":"Home","item":"https:\/\/rogaining.ro\/en\/"},{"@type":"ListItem","position":2,"name":"Cursa de 8 ore"}]},{"@type":"WebSite","@id":"https:\/\/rogaining.ro\/#website","url":"https:\/\/rogaining.ro\/","name":"Rogaining","description":"Mai mult decat un sport","potentialAction":[{"@type":"SearchAction","target":{"@type":"EntryPoint","urlTemplate":"https:\/\/rogaining.ro\/?s={search_term_string}"},"query-input":{"@type":"PropertyValueSpecification","valueRequired":true,"valueName":"search_term_string"}}],"inLanguage":"en-US"}]}},"_links":{"self":[{"href":"https:\/\/rogaining.ro\/en\/wp-json\/wp\/v2\/pages\/447","targetHints":{"allow":["GET"]}}],"collection":[{"href":"https:\/\/rogaining.ro\/en\/wp-json\/wp\/v2\/pages"}],"about":[{"href":"https:\/\/rogaining.ro\/en\/wp-json\/wp\/v2\/types\/page"}],"author":[{"embeddable":true,"href":"https:\/\/rogaining.ro\/en\/wp-json\/wp\/v2\/users\/1"}],"replies":[{"embeddable":true,"href":"https:\/\/rogaining.ro\/en\/wp-json\/wp\/v2\/comments?post=447"}],"version-history":[{"count":4,"href":"https:\/\/rogaining.ro\/en\/wp-json\/wp\/v2\/pages\/447\/revisions"}],"predecessor-version":[{"id":463,"href":"https:\/\/rogaining.ro\/en\/wp-json\/wp\/v2\/pages\/447\/revisions\/463"}],"wp:attachment":[{"href":"https:\/\/rogaining.ro\/en\/wp-json\/wp\/v2\/media?parent=447"}],"curies":[{"name":"wp","href":"https:\/\/api.w.org\/{rel}","templated":true}]}}